{"id":635,"date":"2023-12-19T13:14:17","date_gmt":"2023-12-19T13:14:17","guid":{"rendered":"https:\/\/recorbedding.com\/?page_id=635"},"modified":"2024-02-19T12:13:31","modified_gmt":"2024-02-19T12:13:31","slug":"tulip-low","status":"publish","type":"page","link":"https:\/\/recorbedding.com\/fr\/tulip-low\/","title":{"rendered":"Tulip Low"},"content":{"rendered":"<div class=\"nm-row nm-row-full-nopad vc_row wpb_row\"><div class=\"nm_column wpb_column vc_column_container col-sm-12\"><div class=\"vc_column-inner\"><div class=\"wpb_wrapper\">\n\t<div  class=\"wpb_single_image wpb_content_element vc_align_left\">\n\t\t\n\t\t<figure class=\"wpb_wrapper vc_figure\">\n\t\t\t<div class=\"vc_single_image-wrapper   vc_box_border_grey\"><img loading=\"lazy\" decoding=\"async\" width=\"1980\" height=\"1010\" src=\"https:\/\/recorbedding.com\/wp-content\/uploads\/2024\/02\/Tulip-low-low-res-banner.jpg\" class=\"vc_single_image-img attachment-full\" alt=\"\" title=\"Tulip low low res banner\" srcset=\"https:\/\/recorbedding.com\/wp-content\/uploads\/2024\/02\/Tulip-low-low-res-banner.jpg 1980w, https:\/\/recorbedding.com\/wp-content\/uploads\/2024\/02\/Tulip-low-low-res-banner-300x153.jpg 300w, https:\/\/recorbedding.com\/wp-content\/uploads\/2024\/02\/Tulip-low-low-res-banner-1024x522.jpg 1024w, https:\/\/recorbedding.com\/wp-content\/uploads\/2024\/02\/Tulip-low-low-res-banner-768x392.jpg 768w, https:\/\/recorbedding.com\/wp-content\/uploads\/2024\/02\/Tulip-low-low-res-banner-1536x784.jpg 1536w, https:\/\/recorbedding.com\/wp-content\/uploads\/2024\/02\/Tulip-low-low-res-banner-18x9.jpg 18w, https:\/\/recorbedding.com\/wp-content\/uploads\/2024\/02\/Tulip-low-low-res-banner-350x179.jpg 350w, https:\/\/recorbedding.com\/wp-content\/uploads\/2024\/02\/Tulip-low-low-res-banner-680x347.jpg 680w\" sizes=\"auto, (max-width: 1980px) 100vw, 1980px\" \/><\/div>\n\t\t<\/figure>\n\t<\/div>\n<\/div><\/div><\/div><\/div><div class=\"nm-row nm-row-full vc_row wpb_row\"><div class=\"nm_column wpb_column vc_column_container col-sm-12\"><div class=\"vc_column-inner\"><div class=\"wpb_wrapper\"><div class=\"vc_empty_space\"   style=\"height: 32px\"><span class=\"vc_empty_space_inner\"><\/span><\/div><div class=\"vc_empty_space\"   style=\"height: 32px\"><span class=\"vc_empty_space_inner\"><\/span><\/div><\/div><\/div><\/div><\/div><div style=\"max-width:1200px;\" class=\"nm-row nm-row-boxed nm-row-max-width vc_row wpb_row\"><div class=\"nm_column wpb_column vc_column_container col-sm-6\"><div class=\"vc_column-inner\"><div class=\"wpb_wrapper\">\n\t<div  class=\"wpb_single_image wpb_content_element vc_align_left\">\n\t\t\n\t\t<figure class=\"wpb_wrapper vc_figure\">\n\t\t\t<div class=\"vc_single_image-wrapper   vc_box_border_grey\"><img loading=\"lazy\" decoding=\"async\" width=\"1200\" height=\"1800\" src=\"https:\/\/recorbedding.com\/wp-content\/uploads\/2024\/02\/Tulip-low-03-detail.jpg\" class=\"vc_single_image-img attachment-full\" alt=\"\" title=\"Tulip low 03 detail\" srcset=\"https:\/\/recorbedding.com\/wp-content\/uploads\/2024\/02\/Tulip-low-03-detail.jpg 1200w, https:\/\/recorbedding.com\/wp-content\/uploads\/2024\/02\/Tulip-low-03-detail-200x300.jpg 200w, https:\/\/recorbedding.com\/wp-content\/uploads\/2024\/02\/Tulip-low-03-detail-683x1024.jpg 683w, https:\/\/recorbedding.com\/wp-content\/uploads\/2024\/02\/Tulip-low-03-detail-768x1152.jpg 768w, https:\/\/recorbedding.com\/wp-content\/uploads\/2024\/02\/Tulip-low-03-detail-1024x1536.jpg 1024w, https:\/\/recorbedding.com\/wp-content\/uploads\/2024\/02\/Tulip-low-03-detail-8x12.jpg 8w, https:\/\/recorbedding.com\/wp-content\/uploads\/2024\/02\/Tulip-low-03-detail-350x525.jpg 350w, https:\/\/recorbedding.com\/wp-content\/uploads\/2024\/02\/Tulip-low-03-detail-680x1020.jpg 680w\" sizes=\"auto, (max-width: 1200px) 100vw, 1200px\" \/><\/div>\n\t\t<\/figure>\n\t<\/div>\n<div class=\"vc_empty_space\"   style=\"height: 32px\"><span class=\"vc_empty_space_inner\"><\/span><\/div>\n\t<div  class=\"wpb_single_image wpb_content_element vc_align_left\">\n\t\t\n\t\t<figure class=\"wpb_wrapper vc_figure\">\n\t\t\t<div class=\"vc_single_image-wrapper   vc_box_border_grey\"><img loading=\"lazy\" decoding=\"async\" width=\"1980\" height=\"1320\" src=\"https:\/\/recorbedding.com\/wp-content\/uploads\/2023\/12\/Gender-laag_detail-hoofdbord2023_08_24_RECOR28114-min.jpg\" class=\"vc_single_image-img attachment-full\" alt=\"\" title=\"Gender laag_detail hoofdbord2023_08_24_RECOR28114-min\" srcset=\"https:\/\/recorbedding.com\/wp-content\/uploads\/2023\/12\/Gender-laag_detail-hoofdbord2023_08_24_RECOR28114-min.jpg 1980w, https:\/\/recorbedding.com\/wp-content\/uploads\/2023\/12\/Gender-laag_detail-hoofdbord2023_08_24_RECOR28114-min-300x200.jpg 300w, https:\/\/recorbedding.com\/wp-content\/uploads\/2023\/12\/Gender-laag_detail-hoofdbord2023_08_24_RECOR28114-min-1024x683.jpg 1024w, https:\/\/recorbedding.com\/wp-content\/uploads\/2023\/12\/Gender-laag_detail-hoofdbord2023_08_24_RECOR28114-min-768x512.jpg 768w, https:\/\/recorbedding.com\/wp-content\/uploads\/2023\/12\/Gender-laag_detail-hoofdbord2023_08_24_RECOR28114-min-1536x1024.jpg 1536w, https:\/\/recorbedding.com\/wp-content\/uploads\/2023\/12\/Gender-laag_detail-hoofdbord2023_08_24_RECOR28114-min-18x12.jpg 18w, https:\/\/recorbedding.com\/wp-content\/uploads\/2023\/12\/Gender-laag_detail-hoofdbord2023_08_24_RECOR28114-min-350x233.jpg 350w, https:\/\/recorbedding.com\/wp-content\/uploads\/2023\/12\/Gender-laag_detail-hoofdbord2023_08_24_RECOR28114-min-680x453.jpg 680w\" sizes=\"auto, (max-width: 1980px) 100vw, 1980px\" \/><\/div>\n\t\t<\/figure>\n\t<\/div>\n<div class=\"vc_empty_space\"   style=\"height: 32px\"><span class=\"vc_empty_space_inner\"><\/span><\/div><\/div><\/div><\/div><div class=\"nm_column wpb_column vc_column_container col-sm-6\"><div class=\"vc_column-inner\"><div class=\"wpb_wrapper\">\n\t<div class=\"wpb_text_column wpb_content_element\" >\n\t\t<div class=\"wpb_wrapper\">\n\t\t\t<h1 style=\"text-align: left;\"><span style=\"font-size: 60px;\"><em>Tulip Low<\/em><\/span><\/h1>\n\n\t\t<\/div>\n\t<\/div>\n<div class=\"vc_empty_space\"   style=\"height: 32px\"><span class=\"vc_empty_space_inner\"><\/span><\/div>\n\t<div class=\"wpb_text_column wpb_content_element\" >\n\t\t<div class=\"wpb_wrapper\">\n\t\t\t<p style=\"text-align: left;\"><span style=\"font-family: 'Instrument Serif'; font-size: 18px;\">T\u00eate de lit \u00e9l\u00e9gante en forme de U. Disponible avec ou sans tablettes en bois massif.\u00a0<\/span><\/p>\n<p><span style=\"font-family: 'Instrument Serif';\"><strong>Type<\/strong>: Suspendu<\/span><br \/>\n<span style=\"font-family: 'Instrument Serif';\"><strong>Largeur<\/strong><\/span><span style=\"font-family: 'Instrument Serif';\">: 140, 160, 180, 200, 220, 240, 260 cm\u00a0<\/span><br \/>\n<span style=\"font-family: 'Instrument Serif';\"><strong>D\u00e9bord<\/strong>: 10 cm (sans tablettes ) \u2013 50 cm (avec tablettes)<\/span><br \/>\n<span style=\"font-family: 'Instrument Serif';\"><strong>Hauteur:<\/strong> 72,5 cm<\/span><br \/>\n<span style=\"font-family: 'Instrument Serif';\"><strong>\u00c9paisseur:<\/strong> ca. 5 cm<\/span><br \/>\n<span style=\"font-family: 'Instrument Serif';\"><strong>Couleur du bois (tablettes)<\/strong> : naturel, tabac ou weng\u00e9<\/span><\/p>\n\n\t\t<\/div>\n\t<\/div>\n<div class=\"vc_empty_space\"   style=\"height: 32px\"><span class=\"vc_empty_space_inner\"><\/span><\/div><div class=\"vc_empty_space\"   style=\"height: 32px\"><span class=\"vc_empty_space_inner\"><\/span><\/div>\n\t<div  class=\"wpb_single_image wpb_content_element vc_align_left\">\n\t\t\n\t\t<figure class=\"wpb_wrapper vc_figure\">\n\t\t\t<div class=\"vc_single_image-wrapper   vc_box_border_grey\"><img loading=\"lazy\" decoding=\"async\" width=\"1707\" height=\"2560\" src=\"https:\/\/recorbedding.com\/wp-content\/uploads\/2023\/12\/Gender-laag_-box-met-pootje-en-aura-matras2023_08_24_RECOR28160-min-scaled.jpg\" class=\"vc_single_image-img attachment-full\" alt=\"\" title=\"Gender laag_ box met pootje en aura matras2023_08_24_RECOR28160-min\" srcset=\"https:\/\/recorbedding.com\/wp-content\/uploads\/2023\/12\/Gender-laag_-box-met-pootje-en-aura-matras2023_08_24_RECOR28160-min-scaled.jpg 1707w, https:\/\/recorbedding.com\/wp-content\/uploads\/2023\/12\/Gender-laag_-box-met-pootje-en-aura-matras2023_08_24_RECOR28160-min-200x300.jpg 200w, https:\/\/recorbedding.com\/wp-content\/uploads\/2023\/12\/Gender-laag_-box-met-pootje-en-aura-matras2023_08_24_RECOR28160-min-683x1024.jpg 683w, https:\/\/recorbedding.com\/wp-content\/uploads\/2023\/12\/Gender-laag_-box-met-pootje-en-aura-matras2023_08_24_RECOR28160-min-768x1152.jpg 768w, https:\/\/recorbedding.com\/wp-content\/uploads\/2023\/12\/Gender-laag_-box-met-pootje-en-aura-matras2023_08_24_RECOR28160-min-1024x1536.jpg 1024w, https:\/\/recorbedding.com\/wp-content\/uploads\/2023\/12\/Gender-laag_-box-met-pootje-en-aura-matras2023_08_24_RECOR28160-min-1366x2048.jpg 1366w, https:\/\/recorbedding.com\/wp-content\/uploads\/2023\/12\/Gender-laag_-box-met-pootje-en-aura-matras2023_08_24_RECOR28160-min-8x12.jpg 8w, https:\/\/recorbedding.com\/wp-content\/uploads\/2023\/12\/Gender-laag_-box-met-pootje-en-aura-matras2023_08_24_RECOR28160-min-350x525.jpg 350w, https:\/\/recorbedding.com\/wp-content\/uploads\/2023\/12\/Gender-laag_-box-met-pootje-en-aura-matras2023_08_24_RECOR28160-min-680x1020.jpg 680w\" sizes=\"auto, (max-width: 1707px) 100vw, 1707px\" \/><\/div>\n\t\t<\/figure>\n\t<\/div>\n<div class=\"vc_empty_space\"   style=\"height: 32px\"><span class=\"vc_empty_space_inner\"><\/span><\/div><\/div><\/div><\/div><\/div><div style=\"max-width:1200px;\" class=\"nm-row nm-row-boxed nm-row-max-width vc_row wpb_row nm-row-full-height nm-row-flex nm-row-equal-height\"><div class=\"nm_column wpb_column vc_column_container col-sm-12\"><div class=\"vc_column-inner\"><div class=\"wpb_wrapper\"><div class=\"vc_empty_space\"   style=\"height: 32px\"><span class=\"vc_empty_space_inner\"><\/span><\/div><div class=\"vc_empty_space\"   style=\"height: 32px\"><span class=\"vc_empty_space_inner\"><\/span><\/div><\/div><\/div><\/div><\/div>","protected":false},"excerpt":{"rendered":"Tulip Low Gezellig cocoonen met dit U-vormige zwevende hoofdbord.\u00a0 Type: Zwevend Breedte: 140, 160, 180, 200, 220, 240, 260 cm\u00a0 Oversteek: 10 cm (zonder tabletten ) - 50 cm (met tabletten) Hoogte: 72,5 cm Dikte: ca. 5 cm Houtkleuren tabletten : natuur, tabak of wenge","protected":false},"author":1,"featured_media":0,"parent":0,"menu_order":0,"comment_status":"closed","ping_status":"closed","template":"templates\/page-full.php","meta":{"footnotes":""},"class_list":["post-635","page","type-page","status-publish","hentry"],"_links":{"self":[{"href":"https:\/\/recorbedding.com\/fr\/wp-json\/wp\/v2\/pages\/635","targetHints":{"allow":["GET"]}}],"collection":[{"href":"https:\/\/recorbedding.com\/fr\/wp-json\/wp\/v2\/pages"}],"about":[{"href":"https:\/\/recorbedding.com\/fr\/wp-json\/wp\/v2\/types\/page"}],"author":[{"embeddable":true,"href":"https:\/\/recorbedding.com\/fr\/wp-json\/wp\/v2\/users\/1"}],"replies":[{"embeddable":true,"href":"https:\/\/recorbedding.com\/fr\/wp-json\/wp\/v2\/comments?post=635"}],"version-history":[{"count":11,"href":"https:\/\/recorbedding.com\/fr\/wp-json\/wp\/v2\/pages\/635\/revisions"}],"predecessor-version":[{"id":1848,"href":"https:\/\/recorbedding.com\/fr\/wp-json\/wp\/v2\/pages\/635\/revisions\/1848"}],"wp:attachment":[{"href":"https:\/\/recorbedding.com\/fr\/wp-json\/wp\/v2\/media?parent=635"}],"curies":[{"name":"wp","href":"https:\/\/api.w.org\/{rel}","templated":true}]}}