{"id":577,"date":"2023-12-19T13:14:17","date_gmt":"2023-12-19T13:14:17","guid":{"rendered":"https:\/\/recorbedding.com\/?page_id=577"},"modified":"2024-02-19T12:15:57","modified_gmt":"2024-02-19T12:15:57","slug":"ivy","status":"publish","type":"page","link":"https:\/\/recorbedding.com\/fr\/ivy\/","title":{"rendered":"Ivy"},"content":{"rendered":"<div class=\"nm-row nm-row-full-nopad vc_row wpb_row\"><div class=\"nm_column wpb_column vc_column_container col-sm-12\"><div class=\"vc_column-inner\"><div class=\"wpb_wrapper\">\n\t<div  class=\"wpb_single_image wpb_content_element vc_align_left\">\n\t\t\n\t\t<figure class=\"wpb_wrapper vc_figure\">\n\t\t\t<div class=\"vc_single_image-wrapper   vc_box_border_grey\"><img loading=\"lazy\" decoding=\"async\" width=\"1980\" height=\"1320\" src=\"https:\/\/recorbedding.com\/wp-content\/uploads\/2023\/12\/Ivy-1.jpg\" class=\"vc_single_image-img attachment-full\" alt=\"\" title=\"Ivy 1\" srcset=\"https:\/\/recorbedding.com\/wp-content\/uploads\/2023\/12\/Ivy-1.jpg 1980w, https:\/\/recorbedding.com\/wp-content\/uploads\/2023\/12\/Ivy-1-300x200.jpg 300w, https:\/\/recorbedding.com\/wp-content\/uploads\/2023\/12\/Ivy-1-1024x683.jpg 1024w, https:\/\/recorbedding.com\/wp-content\/uploads\/2023\/12\/Ivy-1-768x512.jpg 768w, https:\/\/recorbedding.com\/wp-content\/uploads\/2023\/12\/Ivy-1-1536x1024.jpg 1536w, https:\/\/recorbedding.com\/wp-content\/uploads\/2023\/12\/Ivy-1-18x12.jpg 18w, https:\/\/recorbedding.com\/wp-content\/uploads\/2023\/12\/Ivy-1-350x233.jpg 350w, https:\/\/recorbedding.com\/wp-content\/uploads\/2023\/12\/Ivy-1-680x453.jpg 680w\" sizes=\"auto, (max-width: 1980px) 100vw, 1980px\" \/><\/div>\n\t\t<\/figure>\n\t<\/div>\n<\/div><\/div><\/div><\/div><div class=\"nm-row nm-row-full vc_row wpb_row\"><div class=\"nm_column wpb_column vc_column_container col-sm-12\"><div class=\"vc_column-inner\"><div class=\"wpb_wrapper\"><div class=\"vc_empty_space\"   style=\"height: 32px\"><span class=\"vc_empty_space_inner\"><\/span><\/div><div class=\"vc_empty_space\"   style=\"height: 32px\"><span class=\"vc_empty_space_inner\"><\/span><\/div><\/div><\/div><\/div><\/div><div style=\"max-width:1200px;\" class=\"nm-row nm-row-boxed nm-row-max-width vc_row wpb_row\"><div class=\"nm_column wpb_column vc_column_container col-sm-6\"><div class=\"vc_column-inner\"><div class=\"wpb_wrapper\">\n\t<div  class=\"wpb_single_image wpb_content_element vc_align_left\">\n\t\t\n\t\t<figure class=\"wpb_wrapper vc_figure\">\n\t\t\t<div class=\"vc_single_image-wrapper   vc_box_border_grey\"><img loading=\"lazy\" decoding=\"async\" width=\"1707\" height=\"2560\" src=\"https:\/\/recorbedding.com\/wp-content\/uploads\/2023\/12\/Ivy_USB-met-gsm_2023_08_25_Recor29479-min-scaled.jpg\" class=\"vc_single_image-img attachment-full\" alt=\"\" title=\"Ivy_USB met gsm_2023_08_25_Recor29479-min\" srcset=\"https:\/\/recorbedding.com\/wp-content\/uploads\/2023\/12\/Ivy_USB-met-gsm_2023_08_25_Recor29479-min-scaled.jpg 1707w, https:\/\/recorbedding.com\/wp-content\/uploads\/2023\/12\/Ivy_USB-met-gsm_2023_08_25_Recor29479-min-200x300.jpg 200w, https:\/\/recorbedding.com\/wp-content\/uploads\/2023\/12\/Ivy_USB-met-gsm_2023_08_25_Recor29479-min-683x1024.jpg 683w, https:\/\/recorbedding.com\/wp-content\/uploads\/2023\/12\/Ivy_USB-met-gsm_2023_08_25_Recor29479-min-768x1152.jpg 768w, https:\/\/recorbedding.com\/wp-content\/uploads\/2023\/12\/Ivy_USB-met-gsm_2023_08_25_Recor29479-min-1024x1536.jpg 1024w, https:\/\/recorbedding.com\/wp-content\/uploads\/2023\/12\/Ivy_USB-met-gsm_2023_08_25_Recor29479-min-1366x2048.jpg 1366w, https:\/\/recorbedding.com\/wp-content\/uploads\/2023\/12\/Ivy_USB-met-gsm_2023_08_25_Recor29479-min-8x12.jpg 8w, https:\/\/recorbedding.com\/wp-content\/uploads\/2023\/12\/Ivy_USB-met-gsm_2023_08_25_Recor29479-min-350x525.jpg 350w, https:\/\/recorbedding.com\/wp-content\/uploads\/2023\/12\/Ivy_USB-met-gsm_2023_08_25_Recor29479-min-680x1020.jpg 680w\" sizes=\"auto, (max-width: 1707px) 100vw, 1707px\" \/><\/div>\n\t\t<\/figure>\n\t<\/div>\n<div class=\"vc_empty_space\"   style=\"height: 32px\"><span class=\"vc_empty_space_inner\"><\/span><\/div><\/div><\/div><\/div><div class=\"nm_column wpb_column vc_column_container col-sm-6\"><div class=\"vc_column-inner\"><div class=\"wpb_wrapper\">\n\t<div class=\"wpb_text_column wpb_content_element\" >\n\t\t<div class=\"wpb_wrapper\">\n\t\t\t<h1 style=\"text-align: left;\"><span style=\"font-size: 60px;\"><em>Ivy<\/em><\/span><\/h1>\n\n\t\t<\/div>\n\t<\/div>\n<div class=\"vc_empty_space\"   style=\"height: 32px\"><span class=\"vc_empty_space_inner\"><\/span><\/div>\n\t<div class=\"wpb_text_column wpb_content_element\" >\n\t\t<div class=\"wpb_wrapper\">\n\t\t\t<p style=\"text-align: left;\"><span style=\"font-size: 18px; font-family: 'Instrument Serif';\">Une carte principale incurv\u00e9e avec une connexion USB int\u00e9gr\u00e9e<\/span><\/p>\n<p><span style=\"font-family: 'Instrument Serif';\"><strong>Type<\/strong>: Pos\u00e9 au sol<\/span><br \/>\n<span style=\"font-family: 'Instrument Serif';\"><strong>Largeur (hors d\u00e9bord) <\/strong>: 140, 160, 180, 200, 220, 240, 260 cm<\/span><br \/>\n<span style=\"font-family: 'Instrument Serif';\"><strong>D\u00e9bord<\/strong>: standard 10 cm\u00a0<\/span><br \/>\n<span style=\"font-family: 'Instrument Serif';\"><strong>Hauteur<\/strong>: 105, 120 cm<\/span><br \/>\n<span style=\"font-family: 'Instrument Serif';\"><strong>\u00c9paisseur<\/strong>: 25 cm<\/span><\/p>\n<p><span style=\"font-family: 'Instrument Serif';\">Avec connexion USB int\u00e9gr\u00e9e (USB A et C)<\/span><\/p>\n\n\t\t<\/div>\n\t<\/div>\n<div class=\"vc_empty_space\"   style=\"height: 32px\"><span class=\"vc_empty_space_inner\"><\/span><\/div><div class=\"vc_empty_space\"   style=\"height: 32px\"><span class=\"vc_empty_space_inner\"><\/span><\/div>\n\t<div  class=\"wpb_single_image wpb_content_element vc_align_left\">\n\t\t\n\t\t<figure class=\"wpb_wrapper vc_figure\">\n\t\t\t<div class=\"vc_single_image-wrapper   vc_box_border_grey\"><img loading=\"lazy\" decoding=\"async\" width=\"1980\" height=\"1320\" src=\"https:\/\/recorbedding.com\/wp-content\/uploads\/2023\/12\/Detail-Ivy.jpg\" class=\"vc_single_image-img attachment-full\" alt=\"\" title=\"Detail Ivy\" srcset=\"https:\/\/recorbedding.com\/wp-content\/uploads\/2023\/12\/Detail-Ivy.jpg 1980w, https:\/\/recorbedding.com\/wp-content\/uploads\/2023\/12\/Detail-Ivy-300x200.jpg 300w, https:\/\/recorbedding.com\/wp-content\/uploads\/2023\/12\/Detail-Ivy-1024x683.jpg 1024w, https:\/\/recorbedding.com\/wp-content\/uploads\/2023\/12\/Detail-Ivy-768x512.jpg 768w, https:\/\/recorbedding.com\/wp-content\/uploads\/2023\/12\/Detail-Ivy-1536x1024.jpg 1536w, https:\/\/recorbedding.com\/wp-content\/uploads\/2023\/12\/Detail-Ivy-18x12.jpg 18w, https:\/\/recorbedding.com\/wp-content\/uploads\/2023\/12\/Detail-Ivy-350x233.jpg 350w, https:\/\/recorbedding.com\/wp-content\/uploads\/2023\/12\/Detail-Ivy-680x453.jpg 680w\" sizes=\"auto, (max-width: 1980px) 100vw, 1980px\" \/><\/div>\n\t\t<\/figure>\n\t<\/div>\n<\/div><\/div><\/div><\/div><div class=\"nm-row nm-row-full vc_row wpb_row\"><div class=\"nm_column wpb_column vc_column_container col-sm-12\"><div class=\"vc_column-inner\"><div class=\"wpb_wrapper\"><div class=\"vc_empty_space\"   style=\"height: 32px\"><span class=\"vc_empty_space_inner\"><\/span><\/div><\/div><\/div><\/div><\/div>","protected":false},"excerpt":{"rendered":"Ivy Het hoofdbord Ivy is heeft een trendy gebogen ontwerp en biedt het gemak van een ge\u00efntegreerde USB-aansluiting, waardoor het zowel stijlvol als functioneel is. Type: Staand Breedte (exclusief oversteek) : 140, 160, 180, 200, 220, 240, 260 cm Oversteek: 10 cm standaard\u00a0 Hoogte: 105, 120 cm Dikte: 25 cm Inclusief ge\u00efntegreerde USB aansluiting (USB [...]","protected":false},"author":1,"featured_media":0,"parent":0,"menu_order":0,"comment_status":"closed","ping_status":"closed","template":"templates\/page-full.php","meta":{"footnotes":""},"class_list":["post-577","page","type-page","status-publish","hentry"],"_links":{"self":[{"href":"https:\/\/recorbedding.com\/fr\/wp-json\/wp\/v2\/pages\/577","targetHints":{"allow":["GET"]}}],"collection":[{"href":"https:\/\/recorbedding.com\/fr\/wp-json\/wp\/v2\/pages"}],"about":[{"href":"https:\/\/recorbedding.com\/fr\/wp-json\/wp\/v2\/types\/page"}],"author":[{"embeddable":true,"href":"https:\/\/recorbedding.com\/fr\/wp-json\/wp\/v2\/users\/1"}],"replies":[{"embeddable":true,"href":"https:\/\/recorbedding.com\/fr\/wp-json\/wp\/v2\/comments?post=577"}],"version-history":[{"count":17,"href":"https:\/\/recorbedding.com\/fr\/wp-json\/wp\/v2\/pages\/577\/revisions"}],"predecessor-version":[{"id":1851,"href":"https:\/\/recorbedding.com\/fr\/wp-json\/wp\/v2\/pages\/577\/revisions\/1851"}],"wp:attachment":[{"href":"https:\/\/recorbedding.com\/fr\/wp-json\/wp\/v2\/media?parent=577"}],"curies":[{"name":"wp","href":"https:\/\/api.w.org\/{rel}","templated":true}]}}