{"id":21,"date":"2022-09-30T14:10:34","date_gmt":"2022-09-30T14:10:34","guid":{"rendered":"https:\/\/recorbedding.com\/?page_id=21"},"modified":"2025-04-22T14:20:18","modified_gmt":"2025-04-22T14:20:18","slug":"recor-bedding-home","status":"publish","type":"page","link":"https:\/\/recorbedding.com\/fr\/","title":{"rendered":"Recor Bedding Home"},"content":{"rendered":"<div class=\"nm-row nm-row-full-nopad vc_row wpb_row\"><div class=\"nm_column wpb_column vc_column_container col-sm-12\"><div class=\"vc_column-inner\"><div class=\"wpb_wrapper\"><div class=\"vc_empty_space\"   style=\"height: 32px\"><span class=\"vc_empty_space_inner\"><\/span><\/div>\n\t<div  class=\"wpb_single_image wpb_content_element vc_align_center\">\n\t\t\n\t\t<figure class=\"wpb_wrapper vc_figure\">\n\t\t\t<div class=\"vc_single_image-wrapper   vc_box_border_grey\"><img loading=\"lazy\" decoding=\"async\" width=\"1980\" height=\"917\" src=\"https:\/\/recorbedding.com\/wp-content\/uploads\/2023\/12\/Blossom-6-2-e1707396287906.jpg\" class=\"vc_single_image-img attachment-full\" alt=\"\" title=\"Blossom 6\" srcset=\"https:\/\/recorbedding.com\/wp-content\/uploads\/2023\/12\/Blossom-6-2-e1707396287906.jpg 1980w, https:\/\/recorbedding.com\/wp-content\/uploads\/2023\/12\/Blossom-6-2-e1707396287906-300x139.jpg 300w, https:\/\/recorbedding.com\/wp-content\/uploads\/2023\/12\/Blossom-6-2-e1707396287906-1024x474.jpg 1024w, https:\/\/recorbedding.com\/wp-content\/uploads\/2023\/12\/Blossom-6-2-e1707396287906-768x356.jpg 768w, https:\/\/recorbedding.com\/wp-content\/uploads\/2023\/12\/Blossom-6-2-e1707396287906-1536x711.jpg 1536w, https:\/\/recorbedding.com\/wp-content\/uploads\/2023\/12\/Blossom-6-2-e1707396287906-18x8.jpg 18w, https:\/\/recorbedding.com\/wp-content\/uploads\/2023\/12\/Blossom-6-2-e1707396287906-350x162.jpg 350w, https:\/\/recorbedding.com\/wp-content\/uploads\/2023\/12\/Blossom-6-2-e1707396287906-680x315.jpg 680w\" sizes=\"auto, (max-width: 1980px) 100vw, 1980px\" \/><\/div>\n\t\t<\/figure>\n\t<\/div>\n<\/div><\/div><\/div><\/div><div style=\"max-width:1100px;\" class=\"nm-row nm-row-boxed nm-row-max-width vc_row wpb_row\"><div class=\"nm_column wpb_column vc_column_container col-sm-12\"><div class=\"vc_column-inner\"><div class=\"wpb_wrapper\"><div class=\"vc_empty_space\"   style=\"height: 42px\"><span class=\"vc_empty_space_inner\"><\/span><\/div><div class=\"vc_empty_space\"   style=\"height: 42px\"><span class=\"vc_empty_space_inner\"><\/span><\/div>\n\t<div class=\"wpb_text_column wpb_content_element\" >\n\t\t<div class=\"wpb_wrapper\">\n\t\t\t<h1 style=\"text-align: center;\"><span style=\"font-size: 60px;\">Quality Sleep <\/span><span style=\"font-size: 60px;\"><em>since 1949<\/em><\/span><\/h1>\n\n\t\t<\/div>\n\t<\/div>\n<div class=\"vc_empty_space\"   style=\"height: 85px\"><span class=\"vc_empty_space_inner\"><\/span><\/div>\n\t<div class=\"wpb_text_column wpb_content_element\" >\n\t\t<div class=\"wpb_wrapper\">\n\t\t\t<p style=\"text-align: center;\"><span style=\"font-family: 'Instrument Serif'; font-size: 20px;\">Chez Recor Bedding, nous garantissons un confort de sommeil merveilleux depuis plus de 75 ans. Avec des mat\u00e9riaux soigneusement s\u00e9lectionn\u00e9s, une innovation continue et un savoir-faire artisanal, nous faisons la diff\u00e9rence chaque nuit. <\/span><span style=\"font-family: 'Instrument Serif'; font-size: 20px;\">D\u00e9couvrez notre collection accessible WAVE accessible et notre collection premium Recor Bedding. Quel que soit votre choix, vous b\u00e9n\u00e9ficierez toujours de notre confort reconnu, de notre qualit\u00e9 durable et de notre service fiable.<\/span><\/p>\n\n\t\t<\/div>\n\t<\/div>\n<div class=\"vc_empty_space\"   style=\"height: 75px\"><span class=\"vc_empty_space_inner\"><\/span><\/div><\/div><\/div><\/div><\/div><div style=\"max-width:1200px;\" class=\"nm-row nm-row-boxed nm-row-max-width vc_row wpb_row\"><div class=\"nm_column wpb_column vc_column_container col-sm-6\"><div class=\"vc_column-inner\"><div class=\"wpb_wrapper\">\n\t<div class=\"wpb_text_column wpb_content_element\" >\n\t\t<div class=\"wpb_wrapper\">\n\t\t\t<h2 style=\"text-align: center;\"><a href=\"https:\/\/recorbedding.com\/fr\/recorbedding-collectie\/\"><span style=\"font-size: 24px; font-family: Yantramanav;\"><b>COLLECTION RECOR BEDDING<\/b><\/span><\/a><\/h2>\n\n\t\t<\/div>\n\t<\/div>\n<div class=\"vc_empty_space\"   style=\"height: 32px\"><span class=\"vc_empty_space_inner\"><\/span><\/div>\n\t<div class=\"wpb_text_column wpb_content_element\" >\n\t\t<div class=\"wpb_wrapper\">\n\t\t\t<p style=\"text-align: center;\"><span style=\"font-family: 'Instrument Serif'; font-size: 18px;\">Matelas haut de gamme et lits luxueux\u00a0<\/span><\/p>\n\n\t\t<\/div>\n\t<\/div>\n<div class=\"vc_empty_space\"   style=\"height: 32px\"><span class=\"vc_empty_space_inner\"><\/span><\/div>\n\t<div  class=\"wpb_single_image wpb_content_element vc_align_left\">\n\t\t\n\t\t<figure class=\"wpb_wrapper vc_figure\">\n\t\t\t<a href=\"https:\/\/recorbedding.com\/fr\/recorbedding-collectie\/\" target=\"_self\" class=\"vc_single_image-wrapper   vc_box_border_grey\"><img loading=\"lazy\" decoding=\"async\" width=\"1467\" height=\"1467\" src=\"https:\/\/recorbedding.com\/wp-content\/uploads\/2025\/04\/LowRes-Iris-06-1.jpg\" class=\"vc_single_image-img attachment-full\" alt=\"\" title=\"LowRes-Iris 06 (1)\" srcset=\"https:\/\/recorbedding.com\/wp-content\/uploads\/2025\/04\/LowRes-Iris-06-1.jpg 1467w, https:\/\/recorbedding.com\/wp-content\/uploads\/2025\/04\/LowRes-Iris-06-1-300x300.jpg 300w, https:\/\/recorbedding.com\/wp-content\/uploads\/2025\/04\/LowRes-Iris-06-1-1024x1024.jpg 1024w, https:\/\/recorbedding.com\/wp-content\/uploads\/2025\/04\/LowRes-Iris-06-1-150x150.jpg 150w, https:\/\/recorbedding.com\/wp-content\/uploads\/2025\/04\/LowRes-Iris-06-1-768x768.jpg 768w, https:\/\/recorbedding.com\/wp-content\/uploads\/2025\/04\/LowRes-Iris-06-1-12x12.jpg 12w, https:\/\/recorbedding.com\/wp-content\/uploads\/2025\/04\/LowRes-Iris-06-1-350x350.jpg 350w, https:\/\/recorbedding.com\/wp-content\/uploads\/2025\/04\/LowRes-Iris-06-1-680x680.jpg 680w, https:\/\/recorbedding.com\/wp-content\/uploads\/2025\/04\/LowRes-Iris-06-1-100x100.jpg 100w\" sizes=\"auto, (max-width: 1467px) 100vw, 1467px\" \/><\/a>\n\t\t<\/figure>\n\t<\/div>\n<div class=\"vc_empty_space\"   style=\"height: 32px\"><span class=\"vc_empty_space_inner\"><\/span><\/div><\/div><\/div><\/div><div class=\"nm_column wpb_column vc_column_container col-sm-6\"><div class=\"vc_column-inner\"><div class=\"wpb_wrapper\">\n\t<div class=\"wpb_text_column wpb_content_element\" >\n\t\t<div class=\"wpb_wrapper\">\n\t\t\t<h2 style=\"text-align: center;\"><a href=\"https:\/\/recorbedding.com\/fr\/wave\/\"><span style=\"font-family: Yantramanav; font-size: 24px;\"><b>COLLECTION WAVE<\/b><\/span><\/a><\/h2>\n\n\t\t<\/div>\n\t<\/div>\n<div class=\"vc_empty_space\"   style=\"height: 32px\"><span class=\"vc_empty_space_inner\"><\/span><\/div>\n\t<div class=\"wpb_text_column wpb_content_element\" >\n\t\t<div class=\"wpb_wrapper\">\n\t\t\t<p style=\"text-align: center;\"><span style=\"font-family: 'Instrument Serif'; font-size: 18px;\">Matelas et lits accessibles<\/span><\/p>\n\n\t\t<\/div>\n\t<\/div>\n<div class=\"vc_empty_space\"   style=\"height: 32px\"><span class=\"vc_empty_space_inner\"><\/span><\/div>\n\t<div  class=\"wpb_single_image wpb_content_element vc_align_left\">\n\t\t\n\t\t<figure class=\"wpb_wrapper vc_figure\">\n\t\t\t<a href=\"https:\/\/recorbedding.com\/fr\/wave\/\" target=\"_self\" class=\"vc_single_image-wrapper   vc_box_border_grey\"><img loading=\"lazy\" decoding=\"async\" width=\"1000\" height=\"1000\" src=\"https:\/\/recorbedding.com\/wp-content\/uploads\/2025\/04\/Cape.jpg\" class=\"vc_single_image-img attachment-full\" alt=\"\" title=\"Cape\" srcset=\"https:\/\/recorbedding.com\/wp-content\/uploads\/2025\/04\/Cape.jpg 1000w, https:\/\/recorbedding.com\/wp-content\/uploads\/2025\/04\/Cape-300x300.jpg 300w, https:\/\/recorbedding.com\/wp-content\/uploads\/2025\/04\/Cape-150x150.jpg 150w, https:\/\/recorbedding.com\/wp-content\/uploads\/2025\/04\/Cape-768x768.jpg 768w, https:\/\/recorbedding.com\/wp-content\/uploads\/2025\/04\/Cape-12x12.jpg 12w, https:\/\/recorbedding.com\/wp-content\/uploads\/2025\/04\/Cape-350x350.jpg 350w, https:\/\/recorbedding.com\/wp-content\/uploads\/2025\/04\/Cape-680x680.jpg 680w, https:\/\/recorbedding.com\/wp-content\/uploads\/2025\/04\/Cape-100x100.jpg 100w\" sizes=\"auto, (max-width: 1000px) 100vw, 1000px\" \/><\/a>\n\t\t<\/figure>\n\t<\/div>\n<div class=\"vc_empty_space\"   style=\"height: 32px\"><span class=\"vc_empty_space_inner\"><\/span><\/div><\/div><\/div><\/div><\/div><div style=\"max-width:1200px;\" class=\"nm-row nm-row-boxed nm-row-max-width vc_row wpb_row\"><div class=\"nm_column wpb_column vc_column_container col-sm-12\"><div class=\"vc_column-inner\"><div class=\"wpb_wrapper\"><div class=\"vc_empty_space\"   style=\"height: 32px\"><span class=\"vc_empty_space_inner\"><\/span><\/div><div class=\"nm-row nm-row-full inner\"><div class=\"nm_column nm_column_inner col-sm-6\"><div class=\"wpb_wrapper\"><div class=\"vc_empty_space\"   style=\"height: 32px\"><span class=\"vc_empty_space_inner\"><\/span><\/div><div class=\"vc_empty_space\"   style=\"height: 32px\"><span class=\"vc_empty_space_inner\"><\/span><\/div>\n\t<div class=\"wpb_text_column wpb_content_element\" >\n\t\t<div class=\"wpb_wrapper\">\n\t\t\t<h2 style=\"text-align: left;\"><a href=\"https:\/\/recorbedding.com\/fr\/smart-bodem\/\"><span style=\"font-size: 24px; font-family: Yantramanav;\"><b>BASE \u00c9LECTRIQUE AVEC TECHNOLOGIE INNOVANTE SMART<\/b><\/span><\/a><\/h2>\n\n\t\t<\/div>\n\t<\/div>\n<div class=\"vc_empty_space\"   style=\"height: 32px\"><span class=\"vc_empty_space_inner\"><\/span><\/div>\n\t<div class=\"wpb_text_column wpb_content_element\" >\n\t\t<div class=\"wpb_wrapper\">\n\t\t\t<p><strong><span style=\"font-family: 'Instrument Serif'; font-size: 18px;\">Disponible exclusivement chez Recor Bedding<\/span><\/strong><\/p>\n\n\t\t<\/div>\n\t<\/div>\n<div class=\"vc_empty_space\"   style=\"height: 32px\"><span class=\"vc_empty_space_inner\"><\/span><\/div>\n\t<div class=\"wpb_text_column wpb_content_element\" >\n\t\t<div class=\"wpb_wrapper\">\n\t\t\t<p style=\"text-align: left;\"><span style=\"font-family: 'Instrument Serif'; font-size: 18px;\">Une base r\u00e9glable \u00e9lectriquement extr\u00eamement durable avec technologie SMART. Il offre un confort suppl\u00e9mentaire avec des fonctions telles que le massage, une position de sommeil pr\u00e9programm\u00e9e, un r\u00e9glage \u00ab z\u00e9ro gravit\u00e9 \u00bb et bien plus encore.<\/span><\/p>\n\n\t\t<\/div>\n\t<\/div>\n<div class=\"vc_empty_space\"   style=\"height: 32px\"><span class=\"vc_empty_space_inner\"><\/span><\/div><\/div><\/div><div class=\"nm_column nm_column_inner col-sm-6\"><div class=\"wpb_wrapper\">\n\t<div  class=\"wpb_single_image wpb_content_element vc_align_left\">\n\t\t\n\t\t<figure class=\"wpb_wrapper vc_figure\">\n\t\t\t<a href=\"https:\/\/recorbedding.com\/fr\/smart-bodem\/\" target=\"_self\" class=\"vc_single_image-wrapper   vc_box_border_grey\"><img loading=\"lazy\" decoding=\"async\" width=\"1000\" height=\"667\" src=\"https:\/\/recorbedding.com\/wp-content\/uploads\/2025\/04\/20241127-recor_productshoot_menen-no_shadow-125-1.png\" class=\"vc_single_image-img attachment-full\" alt=\"\" title=\"20241127-recor_productshoot_menen-no_shadow-125 (1)\" srcset=\"https:\/\/recorbedding.com\/wp-content\/uploads\/2025\/04\/20241127-recor_productshoot_menen-no_shadow-125-1.png 1000w, https:\/\/recorbedding.com\/wp-content\/uploads\/2025\/04\/20241127-recor_productshoot_menen-no_shadow-125-1-300x200.png 300w, https:\/\/recorbedding.com\/wp-content\/uploads\/2025\/04\/20241127-recor_productshoot_menen-no_shadow-125-1-768x512.png 768w, https:\/\/recorbedding.com\/wp-content\/uploads\/2025\/04\/20241127-recor_productshoot_menen-no_shadow-125-1-18x12.png 18w, https:\/\/recorbedding.com\/wp-content\/uploads\/2025\/04\/20241127-recor_productshoot_menen-no_shadow-125-1-350x233.png 350w, https:\/\/recorbedding.com\/wp-content\/uploads\/2025\/04\/20241127-recor_productshoot_menen-no_shadow-125-1-680x454.png 680w\" sizes=\"auto, (max-width: 1000px) 100vw, 1000px\" \/><\/a>\n\t\t<\/figure>\n\t<\/div>\n<\/div><\/div><\/div><\/div><\/div><\/div><\/div><div style=\"max-width:1000px;\" class=\"nm-row nm-row-boxed nm-row-max-width vc_row wpb_row\"><div class=\"nm_column wpb_column vc_column_container col-sm-12\"><div class=\"vc_column-inner\"><div class=\"wpb_wrapper\"><div class=\"vc_empty_space\"   style=\"height: 90px\"><span class=\"vc_empty_space_inner\"><\/span><\/div><\/div><\/div><\/div><\/div>","protected":false},"excerpt":{"rendered":"Quality Sleep since 1949 Bij Recor Bedding staan we al meer dan 75 jaar garant voor heerlijk slaapcomfort. Met zorgvuldig geselecteerde materialen, continue innovatie en ambachtelijk vakmanschap maken wij elke nacht het verschil. Ontdek onze toegankelijke WAVE collectie en onze premium Recor Bedding collectie. Welke u ook kiest, u geniet altijd van ons gekende comfort, [...]","protected":false},"author":1,"featured_media":0,"parent":0,"menu_order":0,"comment_status":"closed","ping_status":"closed","template":"templates\/page-full.php","meta":{"footnotes":""},"class_list":["post-21","page","type-page","status-publish","hentry"],"_links":{"self":[{"href":"https:\/\/recorbedding.com\/fr\/wp-json\/wp\/v2\/pages\/21","targetHints":{"allow":["GET"]}}],"collection":[{"href":"https:\/\/recorbedding.com\/fr\/wp-json\/wp\/v2\/pages"}],"about":[{"href":"https:\/\/recorbedding.com\/fr\/wp-json\/wp\/v2\/types\/page"}],"author":[{"embeddable":true,"href":"https:\/\/recorbedding.com\/fr\/wp-json\/wp\/v2\/users\/1"}],"replies":[{"embeddable":true,"href":"https:\/\/recorbedding.com\/fr\/wp-json\/wp\/v2\/comments?post=21"}],"version-history":[{"count":253,"href":"https:\/\/recorbedding.com\/fr\/wp-json\/wp\/v2\/pages\/21\/revisions"}],"predecessor-version":[{"id":2471,"href":"https:\/\/recorbedding.com\/fr\/wp-json\/wp\/v2\/pages\/21\/revisions\/2471"}],"wp:attachment":[{"href":"https:\/\/recorbedding.com\/fr\/wp-json\/wp\/v2\/media?parent=21"}],"curies":[{"name":"wp","href":"https:\/\/api.w.org\/{rel}","templated":true}]}}